{"id":5095,"date":"2019-02-15T16:35:19","date_gmt":"2019-02-15T15:35:19","guid":{"rendered":"http:\/\/www.lueurbygreg.ch\/\/event\/"},"modified":"2019-03-08T11:01:37","modified_gmt":"2019-03-08T10:01:37","slug":"event","status":"publish","type":"page","link":"https:\/\/www.lueurbygreg.ch\/en\/event\/","title":{"rendered":"Event"},"content":{"rendered":"<section class=\"wpb-content-wrapper\"><p>[vc_row][vc_column][vc_column_text]N0us vous pr\u00e9sentons nos partenaires[\/vc_column_text][\/vc_column][\/vc_row][vc_row][vc_column width=&#8221;1\/3&#8243;][vc_single_image image=&#8221;4987&#8243; img_size=&#8221;medium&#8221;][vc_column_text]<span data-doc-id=\"4781225000000043001\">Jardinerie St.\u00a0<\/span>Triphon<\/p>\n<p><a href=\"https:\/\/lajardinerie.ch\/\">www.lajardinerie.ch<\/a>[\/vc_column_text][\/vc_column][vc_column width=&#8221;1\/3&#8243;][vc_single_image image=&#8221;5001&#8243; img_size=&#8221;medium&#8221;][vc_column_text]<span data-doc-id=\"4781225000000043001\">G<\/span>irod p\u00e9pini\u00e8res<br \/>\n<a href=\"https:\/\/www.pepinieres-girod.com\/\">www.pepinieres-girod.com<\/a>[\/vc_column_text][\/vc_column][vc_column width=&#8221;1\/3&#8243;][vc_column_text]<span data-doc-id=\"4781225000000043001\">Artisan fleuriste, Patricia Studer,<br \/>\n<\/span>Calice fleurs,<br \/>\nOllon[\/vc_column_text][\/vc_column][\/vc_row][vc_row][vc_column width=&#8221;1\/2&#8243;][vc_column_text]<\/p>\n<p data-textformat=\"{&quot;fs&quot;:&quot;italic&quot;}\" data-doc-id=\"4781225000000043001\">test traduction anglais ensuit effacer contenu fran\u00e7ais<\/p>\n<p class=\"zw-paragraph\" data-textformat=\"{&quot;fs&quot;:&quot;italic&quot;}\" data-doc-id=\"4781225000000043001\">La soci\u00e9t\u00e9 LUEURS est fond\u00e9e comme une plateforme de cr\u00e9ation d\u2019ambiance. Nous pouvons vous proposer des projets de d\u00e9coration d\u2019\u00e9v\u00e9nements priv\u00e9s et professionnels, ainsi que la location de mat\u00e9riel. Nous disposons des meubles, int\u00e9rieurs et ext\u00e9rieurs, des fleurs coup\u00e9es et des plantes. Nous poss\u00e9dons \u00e9galement un lieu unique \u00e0 louer, situ\u00e9 dans les verri\u00e8res de la jardinerie \u00e0 St.\u00a0Triphon.<\/p>\n<p class=\"zw-paragraph\" data-textformat=\"{&quot;fs&quot;:&quot;italic&quot;}\">Ce qui nous importe est que le projet est en accord avec vos id\u00e9es, vos envies et votre budget. Merci de nous contacter pour une offre personnalis\u00e9e.<\/p>\n<p>[\/vc_column_text][\/vc_column][vc_column width=&#8221;1\/2&#8243;]\n<div class=\"wpcf7 no-js\" id=\"wpcf7-f5-o1\" lang=\"fr-FR\" dir=\"ltr\">\n<div class=\"screen-reader-response\"><p role=\"status\" aria-live=\"polite\" aria-atomic=\"true\"><\/p> <ul><\/ul><\/div>\n<form action=\"\/en\/wp-json\/wp\/v2\/pages\/5095#wpcf7-f5-o1\" method=\"post\" class=\"wpcf7-form init\" aria-label=\"Formulaire de contact\" novalidate=\"novalidate\" data-status=\"init\">\n<div style=\"display: none;\">\n<input type=\"hidden\" name=\"_wpcf7\" value=\"5\" \/>\n<input type=\"hidden\" name=\"_wpcf7_version\" value=\"5.9.7\" \/>\n<input type=\"hidden\" name=\"_wpcf7_locale\" value=\"fr_FR\" \/>\n<input type=\"hidden\" name=\"_wpcf7_unit_tag\" value=\"wpcf7-f5-o1\" \/>\n<input type=\"hidden\" name=\"_wpcf7_container_post\" value=\"0\" \/>\n<input type=\"hidden\" name=\"_wpcf7_posted_data_hash\" value=\"\" \/>\n<\/div>\n<p><label> Your Name (required)<br \/>\n<span class=\"wpcf7-form-control-wrap\" data-name=\"your-name\"><input size=\"40\" maxlength=\"400\" class=\"wpcf7-form-control wpcf7-text wpcf7-validates-as-required\" aria-required=\"true\" aria-invalid=\"false\" value=\"\" type=\"text\" name=\"your-name\" \/><\/span> <\/label>\n<\/p>\n<p><label> Your Email (required)<br \/>\n<span class=\"wpcf7-form-control-wrap\" data-name=\"your-email\"><input size=\"40\" maxlength=\"400\" class=\"wpcf7-form-control wpcf7-email wpcf7-validates-as-required wpcf7-text wpcf7-validates-as-email\" aria-required=\"true\" aria-invalid=\"false\" value=\"\" type=\"email\" name=\"your-email\" \/><\/span> <\/label>\n<\/p>\n<p><label> Subject<br \/>\n<span class=\"wpcf7-form-control-wrap\" data-name=\"your-subject\"><input size=\"40\" maxlength=\"400\" class=\"wpcf7-form-control wpcf7-text\" aria-invalid=\"false\" value=\"\" type=\"text\" name=\"your-subject\" \/><\/span> <\/label>\n<\/p>\n<p><label> Your Message<br \/>\n<span class=\"wpcf7-form-control-wrap\" data-name=\"your-message\"><textarea cols=\"40\" rows=\"10\" maxlength=\"2000\" class=\"wpcf7-form-control wpcf7-textarea\" aria-invalid=\"false\" name=\"your-message\"><\/textarea><\/span> <\/label>\n<\/p>\n<p><input class=\"wpcf7-form-control wpcf7-submit has-spinner\" type=\"submit\" value=\"Send\" \/>\n<\/p><p style=\"display: none !important;\" class=\"akismet-fields-container\" data-prefix=\"_wpcf7_ak_\"><label>&#916;<textarea name=\"_wpcf7_ak_hp_textarea\" cols=\"45\" rows=\"8\" maxlength=\"100\"><\/textarea><\/label><input type=\"hidden\" id=\"ak_js_1\" name=\"_wpcf7_ak_js\" value=\"171\"\/><script>document.getElementById( \"ak_js_1\" ).setAttribute( \"value\", ( new Date() ).getTime() );<\/script><\/p><div class=\"wpcf7-response-output\" aria-hidden=\"true\"><\/div>\n<\/form>\n<\/div>\n[\/vc_column][\/vc_row]<\/p>\n<\/section>","protected":false},"excerpt":{"rendered":"<p>[vc_row][vc_column][vc_column_text]N0us vous pr\u00e9sentons nos partenaires[\/vc_column_text][\/vc_column][\/vc_row][vc_row][vc_column width=&#8221;1\/3&#8243;][vc_single_image image=&#8221;4987&#8243; img_size=&#8221;medium&#8221;][vc_column_text]Jardinerie St.\u00a0Triphon www.lajardinerie.ch[\/vc_column_text][\/vc_column][vc_column width=&#8221;1\/3&#8243;][vc_single_image image=&#8221;5001&#8243; img_size=&#8221;medium&#8221;][vc_column_text]Girod p\u00e9pini\u00e8res www.pepinieres-girod.com[\/vc_column_text][\/vc_column][vc_column&hellip;<\/p>\n","protected":false},"author":1,"featured_media":0,"parent":0,"menu_order":0,"comment_status":"closed","ping_status":"closed","template":"","meta":{"_acf_changed":false,"footnotes":""},"class_list":["post-5095","page","type-page","status-publish","hentry"],"acf":[],"yoast_head":"<!-- This site is optimized with the Yoast SEO plugin v23.0 - https:\/\/yoast.com\/wordpress\/plugins\/seo\/ -->\n<title>Event - Lueurs<\/title>\n<meta name=\"robots\" content=\"index, follow, max-snippet:-1, max-image-preview:large, max-video-preview:-1\" \/>\n<link rel=\"canonical\" href=\"https:\/\/www.lueurbygreg.ch\/en\/event\/\" \/>\n<meta property=\"og:locale\" content=\"en_US\" \/>\n<meta property=\"og:type\" content=\"article\" \/>\n<meta property=\"og:title\" content=\"Event - Lueurs\" \/>\n<meta property=\"og:description\" content=\"[vc_row][vc_column][vc_column_text]N0us vous pr\u00e9sentons nos partenaires[\/vc_column_text][\/vc_column][\/vc_row][vc_row][vc_column width=&#8221;1\/3&#8243;][vc_single_image image=&#8221;4987&#8243; img_size=&#8221;medium&#8221;][vc_column_text]Jardinerie St.\u00a0Triphon www.lajardinerie.ch[\/vc_column_text][\/vc_column][vc_column width=&#8221;1\/3&#8243;][vc_single_image image=&#8221;5001&#8243; img_size=&#8221;medium&#8221;][vc_column_text]Girod p\u00e9pini\u00e8res www.pepinieres-girod.com[\/vc_column_text][\/vc_column][vc_column&hellip;\" \/>\n<meta property=\"og:url\" content=\"https:\/\/www.lueurbygreg.ch\/en\/event\/\" \/>\n<meta property=\"og:site_name\" content=\"Lueurs\" \/>\n<meta property=\"article:publisher\" content=\"https:\/\/www.facebook.com\/lueurbygreg\/\" \/>\n<meta property=\"article:modified_time\" content=\"2019-03-08T10:01:37+00:00\" \/>\n<meta name=\"twitter:card\" content=\"summary_large_image\" \/>\n<meta name=\"twitter:label1\" content=\"Est. reading time\" \/>\n\t<meta name=\"twitter:data1\" content=\"1 minute\" \/>\n<script type=\"application\/ld+json\" class=\"yoast-schema-graph\">{\"@context\":\"https:\/\/schema.org\",\"@graph\":[{\"@type\":\"WebPage\",\"@id\":\"https:\/\/www.lueurbygreg.ch\/en\/event\/\",\"url\":\"https:\/\/www.lueurbygreg.ch\/en\/event\/\",\"name\":\"Event - Lueurs\",\"isPartOf\":{\"@id\":\"https:\/\/www.lueurbygreg.ch\/#website\"},\"datePublished\":\"2019-02-15T15:35:19+00:00\",\"dateModified\":\"2019-03-08T10:01:37+00:00\",\"breadcrumb\":{\"@id\":\"https:\/\/www.lueurbygreg.ch\/en\/event\/#breadcrumb\"},\"inLanguage\":\"en-US\",\"potentialAction\":[{\"@type\":\"ReadAction\",\"target\":[\"https:\/\/www.lueurbygreg.ch\/en\/event\/\"]}]},{\"@type\":\"BreadcrumbList\",\"@id\":\"https:\/\/www.lueurbygreg.ch\/en\/event\/#breadcrumb\",\"itemListElement\":[{\"@type\":\"ListItem\",\"position\":1,\"name\":\"Accueil\",\"item\":\"https:\/\/www.lueurbygreg.ch\/en\/\"},{\"@type\":\"ListItem\",\"position\":2,\"name\":\"Event\"}]},{\"@type\":\"WebSite\",\"@id\":\"https:\/\/www.lueurbygreg.ch\/#website\",\"url\":\"https:\/\/www.lueurbygreg.ch\/\",\"name\":\"Lueurs\",\"description\":\"Un site utilisant WordPress\",\"potentialAction\":[{\"@type\":\"SearchAction\",\"target\":{\"@type\":\"EntryPoint\",\"urlTemplate\":\"https:\/\/www.lueurbygreg.ch\/?s={search_term_string}\"},\"query-input\":\"required name=search_term_string\"}],\"inLanguage\":\"en-US\"}]}<\/script>\n<!-- \/ Yoast SEO plugin. -->","yoast_head_json":{"title":"Event - Lueurs","robots":{"index":"index","follow":"follow","max-snippet":"max-snippet:-1","max-image-preview":"max-image-preview:large","max-video-preview":"max-video-preview:-1"},"canonical":"https:\/\/www.lueurbygreg.ch\/en\/event\/","og_locale":"en_US","og_type":"article","og_title":"Event - Lueurs","og_description":"[vc_row][vc_column][vc_column_text]N0us vous pr\u00e9sentons nos partenaires[\/vc_column_text][\/vc_column][\/vc_row][vc_row][vc_column width=&#8221;1\/3&#8243;][vc_single_image image=&#8221;4987&#8243; img_size=&#8221;medium&#8221;][vc_column_text]Jardinerie St.\u00a0Triphon www.lajardinerie.ch[\/vc_column_text][\/vc_column][vc_column width=&#8221;1\/3&#8243;][vc_single_image image=&#8221;5001&#8243; img_size=&#8221;medium&#8221;][vc_column_text]Girod p\u00e9pini\u00e8res www.pepinieres-girod.com[\/vc_column_text][\/vc_column][vc_column&hellip;","og_url":"https:\/\/www.lueurbygreg.ch\/en\/event\/","og_site_name":"Lueurs","article_publisher":"https:\/\/www.facebook.com\/lueurbygreg\/","article_modified_time":"2019-03-08T10:01:37+00:00","twitter_card":"summary_large_image","twitter_misc":{"Est. reading time":"1 minute"},"schema":{"@context":"https:\/\/schema.org","@graph":[{"@type":"WebPage","@id":"https:\/\/www.lueurbygreg.ch\/en\/event\/","url":"https:\/\/www.lueurbygreg.ch\/en\/event\/","name":"Event - Lueurs","isPartOf":{"@id":"https:\/\/www.lueurbygreg.ch\/#website"},"datePublished":"2019-02-15T15:35:19+00:00","dateModified":"2019-03-08T10:01:37+00:00","breadcrumb":{"@id":"https:\/\/www.lueurbygreg.ch\/en\/event\/#breadcrumb"},"inLanguage":"en-US","potentialAction":[{"@type":"ReadAction","target":["https:\/\/www.lueurbygreg.ch\/en\/event\/"]}]},{"@type":"BreadcrumbList","@id":"https:\/\/www.lueurbygreg.ch\/en\/event\/#breadcrumb","itemListElement":[{"@type":"ListItem","position":1,"name":"Accueil","item":"https:\/\/www.lueurbygreg.ch\/en\/"},{"@type":"ListItem","position":2,"name":"Event"}]},{"@type":"WebSite","@id":"https:\/\/www.lueurbygreg.ch\/#website","url":"https:\/\/www.lueurbygreg.ch\/","name":"Lueurs","description":"Un site utilisant WordPress","potentialAction":[{"@type":"SearchAction","target":{"@type":"EntryPoint","urlTemplate":"https:\/\/www.lueurbygreg.ch\/?s={search_term_string}"},"query-input":"required name=search_term_string"}],"inLanguage":"en-US"}]}},"_links":{"self":[{"href":"https:\/\/www.lueurbygreg.ch\/en\/wp-json\/wp\/v2\/pages\/5095"}],"collection":[{"href":"https:\/\/www.lueurbygreg.ch\/en\/wp-json\/wp\/v2\/pages"}],"about":[{"href":"https:\/\/www.lueurbygreg.ch\/en\/wp-json\/wp\/v2\/types\/page"}],"author":[{"embeddable":true,"href":"https:\/\/www.lueurbygreg.ch\/en\/wp-json\/wp\/v2\/users\/1"}],"replies":[{"embeddable":true,"href":"https:\/\/www.lueurbygreg.ch\/en\/wp-json\/wp\/v2\/comments?post=5095"}],"version-history":[{"count":0,"href":"https:\/\/www.lueurbygreg.ch\/en\/wp-json\/wp\/v2\/pages\/5095\/revisions"}],"wp:attachment":[{"href":"https:\/\/www.lueurbygreg.ch\/en\/wp-json\/wp\/v2\/media?parent=5095"}],"curies":[{"name":"wp","href":"https:\/\/api.w.org\/{rel}","templated":true}]}}